{"id":8,"date":"2022-12-14T10:54:49","date_gmt":"2022-12-14T10:54:49","guid":{"rendered":"http:\/\/pawel.jasion.pracownik.put.poznan.pl\/?page_id=8"},"modified":"2026-03-31T11:15:42","modified_gmt":"2026-03-31T11:15:42","slug":"dydaktyka","status":"publish","type":"page","link":"https:\/\/pawel.jasion.pracownik.put.poznan.pl\/index.php\/dydaktyka\/","title":{"rendered":"Dydaktyka"},"content":{"rendered":"\n<h3 class=\"wp-block-heading has-medium-font-size\">TERMINY KONSULTACJI W SEMESTRZE LETNIM 2025\/2026<\/h3>\n\n\n\n<p>wtorek: godz. 09:30-10:15 <br>\u015broda: godz. 09:30-10:15 <br>pok\u00f3j: MC404<\/p>\n\n\n\n<p><\/p>\n\n\n\n<h3 class=\"wp-block-heading\" style=\"font-size:20px\">PROWADZONE PRZEDMIOTY<\/h3>\n\n\n\n<p><a href=\"https:\/\/pawel.jasion.pracownik.put.poznan.pl\/index.php\/wytrzymalosc-materialow-i\/\" data-type=\"link\" data-id=\"https:\/\/pawel.jasion.pracownik.put.poznan.pl\/index.php\/wytrzymalosc-materialow-i\/\">Wytrzyma\u0142o\u015b\u0107 materia\u0142\u00f3w I <\/a><br><a href=\"https:\/\/pawel.jasion.pracownik.put.poznan.pl\/index.php\/wytrzymalosc-materialow-ii\/\" target=\"_blank\" rel=\"noreferrer noopener\">Wytrzyma\u0142o\u015b\u0107 materia\u0142\u00f3w II<\/a><br><a href=\"https:\/\/pawel.jasion.pracownik.put.poznan.pl\/index.php\/mechanika-i-wytrzymalosc-materialow\/\" target=\"_blank\" rel=\"noreferrer noopener\">Mechanika i wytrzyma\u0142o\u015b\u0107 materia\u0142\u00f3w<\/a><br><a href=\"https:\/\/pawel.jasion.pracownik.put.poznan.pl\/index.php\/analiza-wytrzymalosciowa-konstrukcji-mechanicznych\/\">Analiza wytrzyma\u0142o\u015bciowa konstrukcji mechanicznych<br><\/a><a href=\"https:\/\/pawel.jasion.pracownik.put.poznan.pl\/index.php\/seminarium-dyplomowe-inzynierskie-mibm-6-sem\/\" target=\"_blank\" rel=\"noreferrer noopener\">Seminarium dyplomowe in\u017cynierskie (MiBM, 6 sem.)<\/a><br><a href=\"https:\/\/pawel.jasion.pracownik.put.poznan.pl\/index.php\/seminarium-dyplomowe-inzynierskie-mibm-7-sem\/\" target=\"_blank\" rel=\"noreferrer noopener\">Seminarium dyplomowe in\u017cynierskie (MiBM, 7 sem.)<\/a><\/p>\n\n\n\n<h3 class=\"wp-block-heading has-medium-font-size\">TEMATYKA PRAC DYPLOMOWYCH<\/h3>\n\n\n\n<ul class=\"wp-block-list\">\n<li>modelowanie MES element\u00f3w konstrukcyjnych ze wzgl\u0119du na wytrzyma\u0142o\u015b\u0107 i stateczno\u015b\u0107<\/li>\n\n\n\n<li>badanie stateczno\u015bci konstrukcji cienko\u015bciennych<\/li>\n\n\n\n<li>analiza MES po\u0142\u0105cze\u0144 cz\u0119\u015bci maszyn<\/li>\n\n\n\n<li>modelowanie konstrukcji wielowarstwowych \u2013 wytrzyma\u0142o\u015b\u0107, stateczno\u015b\u0107, po\u0142\u0105czenia<\/li>\n<\/ul>\n\n\n\n<h3 class=\"wp-block-heading has-medium-font-size\">MATERIA\u0141Y DYDAKTYCZNE<\/h3>\n\n\n\n<ul class=\"wp-block-list\">\n<li><strong>Jasion P<\/strong>. <em>Metoda element\u00f3w sko\u0144czonych w uj\u0119ciu in\u017cynierskim<\/em>, Wydawnictwo Politechniki Pozna\u0144skiej, Pozna\u0144, 2026. (<em><a href=\"https:\/\/wydawnictwo.put.poznan.pl\/books\/isbn_978-83-7775-849-6\" target=\"_blank\" rel=\"noreferrer noopener\">pobierz<\/a><\/em>)<\/li>\n\n\n\n<li>Magnucki K.,&nbsp;<strong>Jasion P<\/strong>. <em>Podstawy konstrukcji maszyn<\/em>, Wydawnictwo Politechniki Pozna\u0144skiej, Pozna\u0144, 2016.<\/li>\n<\/ul>\n\n\n\n<figure class=\"wp-block-image size-large is-resized\"><a href=\"https:\/\/wydawnictwo.put.poznan.pl\/books\/isbn_978-83-7775-849-6\" target=\"_blank\" rel=\" noreferrer noopener\"><img loading=\"lazy\" decoding=\"async\" width=\"724\" height=\"1024\" src=\"https:\/\/pawel.jasion.pracownik.put.poznan.pl\/wp-content\/uploads\/2026\/03\/JASION-MES-okladka-v1-1-724x1024.png\" alt=\"\" class=\"wp-image-1216\" style=\"aspect-ratio:0.7067825355297582;width:291px;height:auto\" srcset=\"https:\/\/pawel.jasion.pracownik.put.poznan.pl\/wp-content\/uploads\/2026\/03\/JASION-MES-okladka-v1-1-724x1024.png 724w, https:\/\/pawel.jasion.pracownik.put.poznan.pl\/wp-content\/uploads\/2026\/03\/JASION-MES-okladka-v1-1-212x300.png 212w, https:\/\/pawel.jasion.pracownik.put.poznan.pl\/wp-content\/uploads\/2026\/03\/JASION-MES-okladka-v1-1-768x1087.png 768w, https:\/\/pawel.jasion.pracownik.put.poznan.pl\/wp-content\/uploads\/2026\/03\/JASION-MES-okladka-v1-1-1086x1536.png 1086w, https:\/\/pawel.jasion.pracownik.put.poznan.pl\/wp-content\/uploads\/2026\/03\/JASION-MES-okladka-v1-1-1447x2048.png 1447w, https:\/\/pawel.jasion.pracownik.put.poznan.pl\/wp-content\/uploads\/2026\/03\/JASION-MES-okladka-v1-1-1024x1449.png 1024w, https:\/\/pawel.jasion.pracownik.put.poznan.pl\/wp-content\/uploads\/2026\/03\/JASION-MES-okladka-v1-1-763x1080.png 763w, https:\/\/pawel.jasion.pracownik.put.poznan.pl\/wp-content\/uploads\/2026\/03\/JASION-MES-okladka-v1-1-scaled.png 1809w\" sizes=\"auto, (max-width: 724px) 100vw, 724px\" \/><\/a><\/figure>\n","protected":false},"excerpt":{"rendered":"<p>TERMINY KONSULTACJI W SEMESTRZE LETNIM 2025\/2026 wtorek: godz. 09:30-10:15 \u015broda: godz. 09:30-10:15 pok\u00f3j: MC404 PROWADZONE PRZEDMIOTY Wytrzyma\u0142o\u015b\u0107 materia\u0142\u00f3w I Wytrzyma\u0142o\u015b\u0107 materia\u0142\u00f3w IIMechanika i wytrzyma\u0142o\u015b\u0107 materia\u0142\u00f3wAnaliza wytrzyma\u0142o\u015bciowa konstrukcji mechanicznychSeminarium dyplomowe in\u017cynierskie (MiBM, 6 sem.)Seminarium dyplomowe in\u017cynierskie (MiBM, 7 sem.) TEMATYKA PRAC DYPLOMOWYCH MATERIA\u0141Y DYDAKTYCZNE<\/p>\n","protected":false},"author":1,"featured_media":0,"parent":0,"menu_order":0,"comment_status":"closed","ping_status":"closed","template":"","meta":{"footnotes":""},"class_list":["post-8","page","type-page","status-publish","hentry"],"_links":{"self":[{"href":"https:\/\/pawel.jasion.pracownik.put.poznan.pl\/index.php\/wp-json\/wp\/v2\/pages\/8","targetHints":{"allow":["GET"]}}],"collection":[{"href":"https:\/\/pawel.jasion.pracownik.put.poznan.pl\/index.php\/wp-json\/wp\/v2\/pages"}],"about":[{"href":"https:\/\/pawel.jasion.pracownik.put.poznan.pl\/index.php\/wp-json\/wp\/v2\/types\/page"}],"author":[{"embeddable":true,"href":"https:\/\/pawel.jasion.pracownik.put.poznan.pl\/index.php\/wp-json\/wp\/v2\/users\/1"}],"replies":[{"embeddable":true,"href":"https:\/\/pawel.jasion.pracownik.put.poznan.pl\/index.php\/wp-json\/wp\/v2\/comments?post=8"}],"version-history":[{"count":62,"href":"https:\/\/pawel.jasion.pracownik.put.poznan.pl\/index.php\/wp-json\/wp\/v2\/pages\/8\/revisions"}],"predecessor-version":[{"id":1217,"href":"https:\/\/pawel.jasion.pracownik.put.poznan.pl\/index.php\/wp-json\/wp\/v2\/pages\/8\/revisions\/1217"}],"wp:attachment":[{"href":"https:\/\/pawel.jasion.pracownik.put.poznan.pl\/index.php\/wp-json\/wp\/v2\/media?parent=8"}],"curies":[{"name":"wp","href":"https:\/\/api.w.org\/{rel}","templated":true}]}}