{"id":314,"date":"2023-02-27T13:46:15","date_gmt":"2023-02-27T13:46:15","guid":{"rendered":"https:\/\/pawel.jasion.pracownik.put.poznan.pl\/?page_id=314"},"modified":"2026-04-14T10:41:16","modified_gmt":"2026-04-14T10:41:16","slug":"seminarium-dyplomowe-inzynierskie-mibm-6-sem","status":"publish","type":"page","link":"https:\/\/pawel.jasion.pracownik.put.poznan.pl\/index.php\/seminarium-dyplomowe-inzynierskie-mibm-6-sem\/","title":{"rendered":"Seminarium dyplomowe in\u017cynierskie (MiBM; 6 sem.)"},"content":{"rendered":"\n<h3 class=\"wp-block-heading\">Cel kursu<\/h3>\n\n\n\n<p>Celem przedmiotu jest zapoznanie z zasadami przygotowania pracy dyplomowej in\u017cynierskiej, zaprezentowania jej szerszej publiczno\u015bci oraz wskazanie na kwestie formalne dotycz\u0105ce obrony pracy dyplomowej zawarte w regulaminie studi\u00f3w.<\/p>\n\n\n\n<h3 class=\"wp-block-heading\">Zakres tematyczny kursu:<\/h3>\n\n\n\n<p>Zapoznanie z regulaminem studi\u00f3w w zakresie przygotowania i z\u0142o\u017cenia pracy dyplomowej<br>Przedstawienie podstawowych wiadomo\u015bci z zakresu:<\/p>\n\n\n\n<ul class=\"wp-block-list\">\n<li>planowania pracy dyplomowej (wyb\u00f3r tematu; przegl\u0105d literatury)<\/li>\n\n\n\n<li>przygotowywania i wyg\u0142aszania prezentacji<\/li>\n\n\n\n<li>pisania pracy dyplomowej (zasady pisania tekstu technicznego)<\/li>\n\n\n\n<li>sprawdzania pracy dyplomowej<\/li>\n<\/ul>\n\n\n\n<p>Przygotowanie prezentacji dotycz\u0105cej tematu pracy dyplomowej (MS PowerPoint, Beamer)<\/p>\n\n\n\n<h3 class=\"wp-block-heading\">Literatura<\/h3>\n\n\n\n<ol class=\"wp-block-list\">\n<li>Wojciechowska R. <em>Przewodnik metodyczny pisania pracy dyplomowej<\/em>, Difin, 2010<\/li>\n\n\n\n<li>Budinski K.G. <em>Engineers\u2019 Guide to Technical Writing<\/em>, ASM International, 2001<\/li>\n\n\n\n<li>Evans D., Gruba P., Zobel J. <em>How to Write a Better Thesis<\/em>, Springer, Heidelberg, 2014<\/li>\n\n\n\n<li>Eco U. <em>How to Write a Thesis<\/em>, The MIT Press, Cambridge, 2015<\/li>\n\n\n\n<li>Wola\u0144ski A. <em>Edycja tekst\u00f3w. Praktyczny poradnik<\/em>, PWN, Warszawa, 2008<\/li>\n\n\n\n<li>Kania P. <em>Wyra\u017anie. . . Dok\u0142adnie. . . Precyzyjnie. . . Recytacja i wyst\u0105pienia publiczne<\/em>, Novae Res, 2014<\/li>\n\n\n\n<li>Hindle T. <em>Sztuka prezentacji<\/em>, Wiedza i \u017bycie S.A., Warszawa, 2000<\/li>\n\n\n\n<li>Guth H.P. <em>New Concise Handbook<\/em>, Wadsworth Publishing Company, Belmont, CA, 1985<\/li>\n\n\n\n<li>Levin G. <em>The Macmillan Colledge Handbook<\/em>, Macmillan Publishing Company, New York, 1987<\/li>\n<\/ol>\n\n\n\n<h3 class=\"wp-block-heading\">Materia\u0142y do pobrania<\/h3>\n\n\n\n<p style=\"font-size:16px\"><em><a href=\"https:\/\/pawel.jasion.pracownik.put.poznan.pl\/wp-content\/uploads\/2022\/12\/Mechanika-i-budowa-maszyn_2_opis_obsz.pdf\" target=\"_blank\" rel=\"noreferrer noopener\">Opis obszaru dyplomowania: <strong>Mechanika konstrukcji i in\u017cynieria wirtualna<\/strong><\/a><\/em><br><em><a href=\"https:\/\/pawel.jasion.pracownik.put.poznan.pl\/wp-content\/uploads\/2026\/02\/Regulamin-praktyk-WIM-PP_2023.pdf\" target=\"_blank\" rel=\"noreferrer noopener\">Regulamin praktyk studenckich 2023<\/a><\/em><br><a href=\"https:\/\/pawel.jasion.pracownik.put.poznan.pl\/wp-content\/uploads\/2026\/02\/regulamin_studiow_2025.pdf\" target=\"_blank\" rel=\"noreferrer noopener\"><em>Regulamin studi\u00f3w 2025<\/em><\/a><br><a href=\"https:\/\/pawel.jasion.pracownik.put.poznan.pl\/wp-content\/uploads\/2026\/03\/sem_inz_wprowadzenie.pdf\" target=\"_blank\" rel=\"noreferrer noopener\"><em>Wprowadzenie<\/em><\/a><br><em><a href=\"https:\/\/pawel.jasion.pracownik.put.poznan.pl\/wp-content\/uploads\/2024\/02\/harmonogram.pdf\" target=\"_blank\" rel=\"noreferrer noopener\">Przyk\u0142adowy harmonogram pisania pracy<\/a><\/em><br><em><a href=\"https:\/\/pawel.jasion.pracownik.put.poznan.pl\/wp-content\/uploads\/2026\/03\/sem_inz_wybor_tematu.pdf\" target=\"_blank\" rel=\"noreferrer noopener\">Wyb\u00f3r tematu pracy<\/a><\/em><br><em><a href=\"https:\/\/pawel.jasion.pracownik.put.poznan.pl\/wp-content\/uploads\/2026\/04\/sem_inz_przyg_szkicu.pdf\" target=\"_blank\" rel=\"noreferrer noopener\">Przygotowanie szkicu pracy<\/a><\/em><br><em><a href=\"https:\/\/pawel.jasion.pracownik.put.poznan.pl\/wp-content\/uploads\/2026\/04\/sem_inz_studia_bib.pdf\" target=\"_blank\" rel=\"noreferrer noopener\">Studia literaturowe<\/a><br><a href=\"https:\/\/pawel.jasion.pracownik.put.poznan.pl\/wp-content\/uploads\/2024\/03\/wytyczne_prezentacja.pdf\" target=\"_blank\" rel=\"noreferrer noopener\">Wytyczne dotycz\u0105ce przygotowania prezentacji<\/a><\/em><br><em><a href=\"https:\/\/pawel.jasion.pracownik.put.poznan.pl\/wp-content\/uploads\/2026\/04\/sem_przyg_prez.pdf\" target=\"_blank\" rel=\"noreferrer noopener\">Przygotowanie prezentacji<\/a><\/em><br><a href=\"https:\/\/pawel.jasion.pracownik.put.poznan.pl\/wp-content\/uploads\/2026\/04\/sem_inz_przyg_wyst.pdf\" target=\"_blank\" rel=\"noreferrer noopener\"><em>Przygotowanie wyst\u0105pienia<\/em><\/a><\/p>\n\n\n\n<p><\/p>\n","protected":false},"excerpt":{"rendered":"<p>Cel kursu Celem przedmiotu jest zapoznanie z zasadami przygotowania pracy dyplomowej in\u017cynierskiej, zaprezentowania jej szerszej publiczno\u015bci oraz wskazanie na kwestie formalne dotycz\u0105ce obrony pracy dyplomowej zawarte w regulaminie studi\u00f3w. Zakres tematyczny kursu: Zapoznanie z regulaminem studi\u00f3w w zakresie przygotowania i z\u0142o\u017cenia pracy dyplomowejPrzedstawienie podstawowych wiadomo\u015bci z zakresu: Przygotowanie prezentacji dotycz\u0105cej tematu pracy dyplomowej (MS PowerPoint,&hellip; <br \/> <a class=\"read-more\" href=\"https:\/\/pawel.jasion.pracownik.put.poznan.pl\/index.php\/seminarium-dyplomowe-inzynierskie-mibm-6-sem\/\">Dowiedz si\u0119 wi\u0119cej<\/a><\/p>\n","protected":false},"author":1,"featured_media":0,"parent":0,"menu_order":0,"comment_status":"closed","ping_status":"closed","template":"","meta":{"footnotes":""},"class_list":["post-314","page","type-page","status-publish","hentry"],"_links":{"self":[{"href":"https:\/\/pawel.jasion.pracownik.put.poznan.pl\/index.php\/wp-json\/wp\/v2\/pages\/314","targetHints":{"allow":["GET"]}}],"collection":[{"href":"https:\/\/pawel.jasion.pracownik.put.poznan.pl\/index.php\/wp-json\/wp\/v2\/pages"}],"about":[{"href":"https:\/\/pawel.jasion.pracownik.put.poznan.pl\/index.php\/wp-json\/wp\/v2\/types\/page"}],"author":[{"embeddable":true,"href":"https:\/\/pawel.jasion.pracownik.put.poznan.pl\/index.php\/wp-json\/wp\/v2\/users\/1"}],"replies":[{"embeddable":true,"href":"https:\/\/pawel.jasion.pracownik.put.poznan.pl\/index.php\/wp-json\/wp\/v2\/comments?post=314"}],"version-history":[{"count":27,"href":"https:\/\/pawel.jasion.pracownik.put.poznan.pl\/index.php\/wp-json\/wp\/v2\/pages\/314\/revisions"}],"predecessor-version":[{"id":1246,"href":"https:\/\/pawel.jasion.pracownik.put.poznan.pl\/index.php\/wp-json\/wp\/v2\/pages\/314\/revisions\/1246"}],"wp:attachment":[{"href":"https:\/\/pawel.jasion.pracownik.put.poznan.pl\/index.php\/wp-json\/wp\/v2\/media?parent=314"}],"curies":[{"name":"wp","href":"https:\/\/api.w.org\/{rel}","templated":true}]}}