{"id":241,"date":"2022-12-25T08:52:43","date_gmt":"2022-12-25T08:52:43","guid":{"rendered":"https:\/\/pawel.jasion.pracownik.put.poznan.pl\/?page_id=241"},"modified":"2024-11-26T13:37:36","modified_gmt":"2024-11-26T13:37:36","slug":"seminarium-dyplomowe-inzynierskie-mibm-7-sem","status":"publish","type":"page","link":"https:\/\/pawel.jasion.pracownik.put.poznan.pl\/index.php\/seminarium-dyplomowe-inzynierskie-mibm-7-sem\/","title":{"rendered":"Seminarium dyplomowe in\u017cynierskie (MiBM; 7 sem.)"},"content":{"rendered":"\n<h3 class=\"wp-block-heading\">Cel kursu<\/h3>\n\n\n\n<p>Celem przedmiotu jest zapoznanie z zasadami przygotowania pracy dyplomowej in\u017cynierskiej, zaprezentowania jej szerszej publiczno\u015bci oraz wskazanie na kwestie formalne dotycz\u0105ce obrony pracy dyplomowej zawarte w regulaminie studi\u00f3w.<\/p>\n\n\n\n<h3 class=\"wp-block-heading\">Zakres tematyczny kursu:<\/h3>\n\n\n\n<p>Zapoznanie z regulaminem studi\u00f3w w zakresie przygotowania i z\u0142o\u017cenia pracy dyplomowej<br>Zapoznanie z systemem antyplagiatowym<br>Przedstawienie podstawowych wiadomo\u015bci z zakresu:<\/p>\n\n\n\n<ul class=\"wp-block-list\">\n<li>planowania pracy dyplomowej (wyb\u00f3r tematu; przegl\u0105d literatury)<\/li>\n\n\n\n<li>pisania pracy dyplomowej (zasady pisania tekstu technicznego)<\/li>\n\n\n\n<li>sprawdzania pracy dyplomowej<\/li>\n<\/ul>\n\n\n\n<p>Przygotowanie prezentacji dotycz\u0105cej tematu pracy dyplomowej (MS PowerPoint, Beamer)<\/p>\n\n\n\n<h3 class=\"wp-block-heading\">Literatura<\/h3>\n\n\n\n<ol class=\"wp-block-list\">\n<li>Wojciechowska R. <em>Przewodnik metodyczny pisania pracy dyplomowej<\/em>, Difin, 2010<\/li>\n\n\n\n<li>Budinski K.G. <em>Engineers\u2019 Guide to Technical Writing<\/em>, ASM International, 2001<\/li>\n\n\n\n<li>Evans D., Gruba P., Zobel J. <em>How to Write a Better Thesis<\/em>, Springer, Heidelberg, 2014<\/li>\n\n\n\n<li>Eco U. <em>How to Write a Thesis<\/em>, The MIT Press, Cambridge, 2015<\/li>\n\n\n\n<li>Wola\u0144ski A. <em>Edycja tekst\u00f3w. Praktyczny poradnik<\/em>, PWN, Warszawa, 2008<\/li>\n\n\n\n<li>Guth H.P. <em>New Concise Handbook<\/em>, Wadsworth Publishing Company, Belmont, CA, 1985<\/li>\n\n\n\n<li>Levin G. <em>The Macmillan Colledge Handbook<\/em>, Macmillan Publishing Company, New York, 1987<\/li>\n<\/ol>\n\n\n\n<h3 class=\"wp-block-heading\">Materia\u0142y do pobrania<\/h3>\n\n\n\n<p style=\"font-size:16px\"><em>Wprowadzenie<\/em><br><em><a href=\"https:\/\/pawel.jasion.pracownik.put.poznan.pl\/wp-content\/uploads\/2022\/12\/Mechanika-i-budowa-maszyn_2_opis_obsz.pdf\" target=\"_blank\" rel=\"noreferrer noopener\">Opis obszaru dyplomowania: <strong>Mechanika konstrukcji i in\u017cynieria wirtualna<\/strong><\/a><\/em><br><em><a href=\"https:\/\/pawel.jasion.pracownik.put.poznan.pl\/wp-content\/uploads\/2024\/10\/sem_inz_II_wprowadzenie.pdf\" target=\"_blank\" rel=\"noreferrer noopener\">Wprowadzenie<\/a><\/em><br><em><a href=\"https:\/\/pawel.jasion.pracownik.put.poznan.pl\/wp-content\/uploads\/2024\/10\/sem_inz_II_planowanie_pracy.pdf\" target=\"_blank\" rel=\"noreferrer noopener\">Planowanie pracy<\/a><br><a href=\"https:\/\/pawel.jasion.pracownik.put.poznan.pl\/wp-content\/uploads\/2024\/10\/sem_inz_II_pisanie_pracy.pdf\" target=\"_blank\" rel=\"noreferrer noopener\">Pisanie pracy<\/a><br><a href=\"https:\/\/pawel.jasion.pracownik.put.poznan.pl\/wp-content\/uploads\/2024\/11\/sem_inz_II_sprawdzanie_pracy.pdf\" target=\"_blank\" rel=\"noreferrer noopener\">Sprawdzanie pracy<\/a><\/em><br><em>Egzamin dyplomowy<br><\/em><strong>J<\/strong>ednolity <strong>S<\/strong>ystem <strong>A<\/strong>ntyplagiatowy &#8211; <em><a href=\"https:\/\/pawel.jasion.pracownik.put.poznan.pl\/wp-content\/uploads\/2022\/12\/Student_JSA.pdf\" target=\"_blank\" rel=\"noreferrer noopener\">student<\/a><\/em>; <em><a href=\"https:\/\/pawel.jasion.pracownik.put.poznan.pl\/wp-content\/uploads\/2022\/12\/Analiza-Raportu-JSA-.pdf\" target=\"_blank\" rel=\"noreferrer noopener\">analiza raportu<\/a><\/em><br><em>Wytyczne dotycz\u0105ce przygotowania <a href=\"https:\/\/pawel.jasion.pracownik.put.poznan.pl\/wp-content\/uploads\/2024\/03\/wytyczne_prezentacja.pdf\" target=\"_blank\" rel=\"noreferrer noopener\">prezentacji <\/a>i <a href=\"https:\/\/pawel.jasion.pracownik.put.poznan.pl\/wp-content\/uploads\/2024\/03\/wytyczne_streszczenie.pdf\" target=\"_blank\" rel=\"noreferrer noopener\">streszczenia<\/a><\/em><\/p>\n\n\n\n<p><\/p>\n","protected":false},"excerpt":{"rendered":"<p>Cel kursu Celem przedmiotu jest zapoznanie z zasadami przygotowania pracy dyplomowej in\u017cynierskiej, zaprezentowania jej szerszej publiczno\u015bci oraz wskazanie na kwestie formalne dotycz\u0105ce obrony pracy dyplomowej zawarte w regulaminie studi\u00f3w. Zakres tematyczny kursu: Zapoznanie z regulaminem studi\u00f3w w zakresie przygotowania i z\u0142o\u017cenia pracy dyplomowejZapoznanie z systemem antyplagiatowymPrzedstawienie podstawowych wiadomo\u015bci z zakresu: Przygotowanie prezentacji dotycz\u0105cej tematu pracy&hellip; <br \/> <a class=\"read-more\" href=\"https:\/\/pawel.jasion.pracownik.put.poznan.pl\/index.php\/seminarium-dyplomowe-inzynierskie-mibm-7-sem\/\">Dowiedz si\u0119 wi\u0119cej<\/a><\/p>\n","protected":false},"author":1,"featured_media":0,"parent":0,"menu_order":0,"comment_status":"closed","ping_status":"closed","template":"","meta":{"footnotes":""},"class_list":["post-241","page","type-page","status-publish","hentry"],"_links":{"self":[{"href":"https:\/\/pawel.jasion.pracownik.put.poznan.pl\/index.php\/wp-json\/wp\/v2\/pages\/241","targetHints":{"allow":["GET"]}}],"collection":[{"href":"https:\/\/pawel.jasion.pracownik.put.poznan.pl\/index.php\/wp-json\/wp\/v2\/pages"}],"about":[{"href":"https:\/\/pawel.jasion.pracownik.put.poznan.pl\/index.php\/wp-json\/wp\/v2\/types\/page"}],"author":[{"embeddable":true,"href":"https:\/\/pawel.jasion.pracownik.put.poznan.pl\/index.php\/wp-json\/wp\/v2\/users\/1"}],"replies":[{"embeddable":true,"href":"https:\/\/pawel.jasion.pracownik.put.poznan.pl\/index.php\/wp-json\/wp\/v2\/comments?post=241"}],"version-history":[{"count":13,"href":"https:\/\/pawel.jasion.pracownik.put.poznan.pl\/index.php\/wp-json\/wp\/v2\/pages\/241\/revisions"}],"predecessor-version":[{"id":832,"href":"https:\/\/pawel.jasion.pracownik.put.poznan.pl\/index.php\/wp-json\/wp\/v2\/pages\/241\/revisions\/832"}],"wp:attachment":[{"href":"https:\/\/pawel.jasion.pracownik.put.poznan.pl\/index.php\/wp-json\/wp\/v2\/media?parent=241"}],"curies":[{"name":"wp","href":"https:\/\/api.w.org\/{rel}","templated":true}]}}