{"id":130,"date":"2022-12-23T16:19:00","date_gmt":"2022-12-23T16:19:00","guid":{"rendered":"http:\/\/pawel.jasion.pracownik.put.poznan.pl\/?page_id=130"},"modified":"2026-04-10T10:41:23","modified_gmt":"2026-04-10T10:41:23","slug":"cv","status":"publish","type":"page","link":"https:\/\/pawel.jasion.pracownik.put.poznan.pl\/index.php\/cv\/","title":{"rendered":"CV"},"content":{"rendered":"\n<h3 class=\"wp-block-heading\">Podsumowanie do\u015bwiadczenia zawodowego<br>&#8212;&#8212;&#8212;&#8212;&#8212;&#8212;&#8212;&#8212;&#8212;&#8212;&#8212;&#8212;&#8212;&#8212;&#8212;&#8212;&#8212;&#8212;&#8212;&#8212;&#8212;&#8212;&#8212;&#8212;&#8212;&#8212;&#8211;<\/h3>\n\n\n\n<p>Doktor nauk technicznych w dyscyplinie mechanika z wieloletnim do\u015bwiadczeniem w prowadzeniu bada\u0144 w obszarze stateczno\u015bci konstrukcji pow\u0142okowych i wielowarstwowych. Swoje badania naukowe koncentruje na analizie pow\u0142ok, kt\u00f3rych nietypowy kszta\u0142t i przekr\u00f3j poprzeczny zwi\u0119kszaj\u0105 wytrzyma\u0142o\u015b\u0107 oraz pomagaj\u0105 kontrolowa\u0107 stateczno\u015b\u0107. W ramach dzia\u0142alno\u015bci dydaktycznej, zwi\u0105zanej z wytrzyma\u0142o\u015bci\u0105 materia\u0142\u00f3w, k\u0142adzie nacisk na przekazywanie nowoczesnej wiedzy in\u017cynierskiej w spos\u00f3b umo\u017cliwiaj\u0105cy jej wykorzystanie w praktyce przemys\u0142owej.<\/p>\n\n\n\n<h3 class=\"wp-block-heading\">Wykszta\u0142cenie<br>&#8212;&#8212;&#8212;&#8212;&#8212;&#8212;&#8212;&#8212;&#8212;&#8212;&#8212;&#8212;&#8212;&#8212;&#8212;&#8212;&#8212;&#8212;&#8212;&#8212;&#8212;&#8212;&#8212;&#8212;&#8212;&#8212;&#8211;<\/h3>\n\n\n\n<ul class=\"wp-block-list\">\n<li>tytu\u0142 zawodowy magistra in\u017cyniera \u2013 Uniwersytet Zielonog\u00f3rski 2003 r.<br>kierunek: mechanika i budowa maszyn; specjalno\u015b\u0107: konstrukcyjno-mened\u017cerska;<\/li>\n\n\n\n<li>stopie\u0144 naukowy doktora nauk technicznych \u2013 Wydzia\u0142 Budowy Maszyn i Zarz\u0105dzania Politechniki Pozna\u0144skiej; dyscyplina: mechanika; specjalno\u015b\u0107: stateczno\u015b\u0107 pow\u0142ok (2009 r.)<\/li>\n\n\n\n<li>stopie\u0144 naukowy doktora habilitowanego nauk technicznych \u2013&nbsp;Wydzia\u0142 Budowy Maszyn i Zarz\u0105dzania Politechniki Pozna\u0144skiej; dyscyplina: mechanika (2016 r.)<\/li>\n<\/ul>\n\n\n\n<h3 class=\"wp-block-heading\">Przebieg pracy zawodowej<br>&#8212;&#8212;&#8212;&#8212;&#8212;&#8212;&#8212;&#8212;&#8212;&#8212;&#8212;&#8212;&#8212;&#8212;&#8212;&#8212;&#8212;&#8212;&#8212;&#8212;&#8212;&#8212;&#8212;&#8212;&#8212;&#8212;&#8211;<\/h3>\n\n\n\n<p><strong>Politechnika Pozna\u0144ska<\/strong>&nbsp;(01.10.2007 \u2013 obecnie)<br>Stanowisko: adiunkt<br>Funkcje:<\/p>\n\n\n\n<ul class=\"wp-block-list\">\n<li>Dyrektor Instytutu Mechaniki Stosowanej (01.09.2020\u201331.08.2024)<\/li>\n\n\n\n<li>Kierownik Zak\u0142adu Wytrzyma\u0142o\u015bci Materia\u0142\u00f3w i Konstrukcji (01.09.2016\u201331.08.2020)<\/li>\n<\/ul>\n\n\n\n<p>Obowi\u0105zki: prowadzenie wyk\u0142ad\u00f3w, zaj\u0119\u0107 \u0107wiczeniowych, projektowych i laboratoryjnych; badania naukowe<\/p>\n\n\n\n<p><strong>Imp Engineering Poland sp. z o.o.<\/strong>&nbsp;we Wroc\u0142awiu (01.09.2004 \u2013 31.05.2006)<br>Stanowisko: konstruktor<br>Obowi\u0105zki: przygotowanie dokumentacji rysunkowej; obliczenia wytrzyma\u0142o\u015bciowe,<br>tworzenie modeli komputerowych konstrukcji; praca koncepcyjna przy rozwoju produktu<br>Udzia\u0142 m. in. w projektach:<\/p>\n\n\n\n<ul class=\"wp-block-list\">\n<li>hamulec mechatroniczny dla Siemens VDO (6 miesi\u0119cy sp\u0119dzonych w Niemczech)<\/li>\n\n\n\n<li>deska rozdzielcza i \u015brodkowa konsola samochodu osobowego dla General Motors Corp. (14 miesi\u0119cy sp\u0119dzonych w USA)<\/li>\n\n\n\n<li>linia produkcyjna \u017car\u00f3wek dla Philips Lighting Poland S.A. w Pile<\/li>\n<\/ul>\n\n\n\n<p><strong>Engineering Solutions Provider sp. z o.o.<\/strong>&nbsp;w Zielonej G\u00f3rze (01.09.2003&nbsp;\u2013 31.08.2004)<br>Stanowisko: konstruktor<br>Obowi\u0105zki: tworzenie komputerowych modeli (3D) element\u00f3w estetycznych motocykli; praca koncepcyjna; przygotowanie dokumentacji rysunkowej (projekty nowych motocykli dla firmy Aprilia \u2013 6 miesi\u0119cy sp\u0119dzonych we W\u0142oszech)<\/p>\n\n\n\n<h3 class=\"wp-block-heading\">Granty<br>&#8212;&#8212;&#8212;&#8212;&#8212;&#8212;&#8212;&#8212;&#8212;&#8212;&#8212;&#8212;&#8212;&#8212;&#8212;&#8212;&#8212;&#8212;&#8212;&#8212;&#8212;&#8212;&#8212;&#8212;&#8212;&#8212;&#8211;<\/h3>\n\n\n\n<ul class=\"wp-block-list\">\n<li>wykonawca, <em>Wp\u0142yw rzeczywistych niedok\u0142adno\u015bci kszta\u0142tu na wytrzyma\u0142o\u015b\u0107, utrat\u0119 stateczno\u015bci oraz no\u015bno\u015b\u0107 cienko\u015bciennych belek i kolumn o nietypowych przekrojach ceowych<\/em>, NCN 0612\/PNCN\/0845, (2022-2026)<\/li>\n\n\n\n<li>wykonawca, <em>Badania do\u015bwiadczalne stateczno\u015bci miejscowej oraz no\u015bno\u015bci belek cienko\u015bciennych o niestandardowych przekrojach ceowych z u\u017cyciem nowych metod optycznych<\/em>, NCN UMO-2017\/25\/B\/ST8\/00266, (2018-2021)<\/li>\n\n\n\n<li>g\u0142\u00f3wny wykonawca, <em>Wytrzyma\u0142o\u015b\u0107 i stateczno\u015b\u0107 wielowarstwowych pasm p\u0142ytowych o strukturze cienko\u015bciennej z rdzeniem trapezowym<\/em>, NCN DEC-2013\/09\/B\/ST8\/00170, (2013-2015)<\/li>\n\n\n\n<li>wykonawca, <em>Badania teoretyczne i do\u015bwiadczalne stateczno\u015bci belek i p\u0142yt sandwichowych z rdzeniem z pianek metalowych<\/em>; N N502 080738, (2010-2012)<\/li>\n<\/ul>\n\n\n\n<h3 class=\"wp-block-heading\">Dorobek naukowy<br>&#8212;&#8212;&#8212;&#8212;&#8212;&#8212;&#8212;&#8212;&#8212;&#8212;&#8212;&#8212;&#8212;&#8212;&#8212;&#8212;&#8212;&#8212;&#8212;&#8212;&#8212;&#8212;&#8212;&#8212;&#8212;&#8212;&#8211;<\/h3>\n\n\n\n<ul class=\"wp-block-list\">\n<li>37 artyku\u0142y w czasopismach naukowych<\/li>\n\n\n\n<li>31 prac w materia\u0142ach konferencyjnych<\/li>\n\n\n\n<li>udzia\u0142 w 5 grantach<\/li>\n\n\n\n<li>indeks Hirsha h=16 (wg bazy Scopus)<\/li>\n<\/ul>\n\n\n\n<h3 class=\"wp-block-heading\">Recenzje dla czasopism<br>&#8212;&#8212;&#8212;&#8212;&#8212;&#8212;&#8212;&#8212;&#8212;&#8212;&#8212;&#8212;&#8212;&#8212;&#8212;&#8212;&#8212;&#8212;&#8212;&#8212;&#8212;&#8212;&#8212;&#8212;&#8212;&#8212;&#8211;<\/h3>\n\n\n\n<p><strong>33<\/strong> zweryfikowane recenzje zgodnie z WoS, w\u0142\u0105czaj\u0105c takie czasopisma, jak:<\/p>\n\n\n\n<ul class=\"wp-block-list\">\n<li>Thin-Walled Structures (Elsevier, IF 5.7)<\/li>\n\n\n\n<li>Journal of Sandwich Structures and Materials (Sage, IF 3.5)<\/li>\n\n\n\n<li>Ocean Engineering (Elsevier, IF 4.6)<\/li>\n\n\n\n<li>International Journal of Pressure Vessels and Piping (Elsevier, IF 3.0)<\/li>\n<\/ul>\n\n\n\n<h3 class=\"wp-block-heading\">Umiej\u0119tno\u015bci<br>&#8212;&#8212;&#8212;&#8212;&#8212;&#8212;&#8212;&#8212;&#8212;&#8212;&#8212;&#8212;&#8212;&#8212;&#8212;&#8212;&#8212;&#8212;&#8212;&#8212;&#8212;&#8212;&#8212;&#8212;&#8212;&#8212;&#8211;<\/h3>\n\n\n\n<ul class=\"wp-block-list\">\n<li>analiza konstrukcji pow\u0142okowych w obszarze krytycznym i pokrytycznym<\/li>\n\n\n\n<li>analiza wytrzyma\u0142o\u015bci i stateczno\u015bci konstrukcji warstwowych<\/li>\n\n\n\n<li>analiza stateczno\u015bci belek cienko\u015bciennych kszta\u0142towanych na zimno<\/li>\n\n\n\n<li>modelowanie matematyczne prostych element\u00f3w konstrukcyjnych<\/li>\n\n\n\n<li>numeryczne modelowanie konstrukcji (MES)<\/li>\n<\/ul>\n\n\n\n<h3 class=\"wp-block-heading\">Nagrody i wyr\u00f3\u017cnienia<br>&#8212;&#8212;&#8212;&#8212;&#8212;&#8212;&#8212;&#8212;&#8212;&#8212;&#8212;&#8212;&#8212;&#8212;&#8212;&#8212;&#8212;&#8212;&#8212;&#8212;&#8212;&#8212;&#8212;&#8212;&#8212;&#8212;&#8211;<\/h3>\n\n\n\n<ul class=\"wp-block-list\">\n<li>Nagroda Rektora Politechniki Pozna\u0144skiej za osi\u0105gni\u0119cia naukowe w latach akademickich: 2007-2008, 2012-2013, 2013-2014.<\/li>\n\n\n\n<li>Nagroda Rektora Politechniki Pozna\u0144skiej za osi\u0105gni\u0119cia dydaktyczne w roku akademickim 2021-2022<\/li>\n<\/ul>\n","protected":false},"excerpt":{"rendered":"<p>Podsumowanie do\u015bwiadczenia zawodowego&#8212;&#8212;&#8212;&#8212;&#8212;&#8212;&#8212;&#8212;&#8212;&#8212;&#8212;&#8212;&#8212;&#8212;&#8212;&#8212;&#8212;&#8212;&#8212;&#8212;&#8212;&#8212;&#8212;&#8212;&#8212;&#8212;&#8211; Doktor nauk technicznych w dyscyplinie mechanika z wieloletnim do\u015bwiadczeniem w prowadzeniu bada\u0144 w obszarze stateczno\u015bci konstrukcji pow\u0142okowych i wielowarstwowych. Swoje badania naukowe koncentruje na analizie pow\u0142ok, kt\u00f3rych nietypowy kszta\u0142t i przekr\u00f3j poprzeczny zwi\u0119kszaj\u0105 wytrzyma\u0142o\u015b\u0107 oraz pomagaj\u0105 kontrolowa\u0107 stateczno\u015b\u0107. W ramach dzia\u0142alno\u015bci dydaktycznej, zwi\u0105zanej z wytrzyma\u0142o\u015bci\u0105 materia\u0142\u00f3w, k\u0142adzie nacisk na przekazywanie nowoczesnej wiedzy&hellip; <br \/> <a class=\"read-more\" href=\"https:\/\/pawel.jasion.pracownik.put.poznan.pl\/index.php\/cv\/\">Dowiedz si\u0119 wi\u0119cej<\/a><\/p>\n","protected":false},"author":1,"featured_media":0,"parent":0,"menu_order":0,"comment_status":"closed","ping_status":"closed","template":"","meta":{"footnotes":""},"class_list":["post-130","page","type-page","status-publish","hentry"],"_links":{"self":[{"href":"https:\/\/pawel.jasion.pracownik.put.poznan.pl\/index.php\/wp-json\/wp\/v2\/pages\/130","targetHints":{"allow":["GET"]}}],"collection":[{"href":"https:\/\/pawel.jasion.pracownik.put.poznan.pl\/index.php\/wp-json\/wp\/v2\/pages"}],"about":[{"href":"https:\/\/pawel.jasion.pracownik.put.poznan.pl\/index.php\/wp-json\/wp\/v2\/types\/page"}],"author":[{"embeddable":true,"href":"https:\/\/pawel.jasion.pracownik.put.poznan.pl\/index.php\/wp-json\/wp\/v2\/users\/1"}],"replies":[{"embeddable":true,"href":"https:\/\/pawel.jasion.pracownik.put.poznan.pl\/index.php\/wp-json\/wp\/v2\/comments?post=130"}],"version-history":[{"count":14,"href":"https:\/\/pawel.jasion.pracownik.put.poznan.pl\/index.php\/wp-json\/wp\/v2\/pages\/130\/revisions"}],"predecessor-version":[{"id":1225,"href":"https:\/\/pawel.jasion.pracownik.put.poznan.pl\/index.php\/wp-json\/wp\/v2\/pages\/130\/revisions\/1225"}],"wp:attachment":[{"href":"https:\/\/pawel.jasion.pracownik.put.poznan.pl\/index.php\/wp-json\/wp\/v2\/media?parent=130"}],"curies":[{"name":"wp","href":"https:\/\/api.w.org\/{rel}","templated":true}]}}